{"id":116,"date":"2017-05-04T20:52:33","date_gmt":"2017-05-04T18:52:33","guid":{"rendered":"http:\/\/kine-rhisnes.be\/?page_id=116"},"modified":"2024-05-29T11:56:01","modified_gmt":"2024-05-29T09:56:01","slug":"cge-concept-global-de-lepaule","status":"publish","type":"page","link":"http:\/\/kine-rhisnes.be\/index.php\/specialisations\/cge-concept-global-de-lepaule\/","title":{"rendered":"CGE &#8211; Concept global de l&rsquo;\u00e9paule"},"content":{"rendered":"<div class=\"ce_text first block\">\n<p>La M\u00e9thode CGE<sup>\u00a9<\/sup> (Concept Global d\u2019Epaule), a \u00e9t\u00e9 d\u00e9velopp\u00e9e au cours des 25 derni\u00e8res ann\u00e9es par <strong>Thierry MARC<\/strong>, aujourd&rsquo;hui Pr\u00e9sident de la SFRE (Soci\u00e9t\u00e9 Fran\u00e7aise de R\u00e9\u00e9ducation de l&rsquo;Epaule).<\/p>\n<\/div>\n<div class=\"ce_text block\">\n<figure class=\"image_container float_right\"><\/figure>\n<p>L\u2019efficacit\u00e9 de la M\u00e9thode CGE\u00a9 dans le traitement des diff\u00e9rentes pathologies de l\u2019\u00e9paule a \u00e9t\u00e9 largement d\u00e9montr\u00e9e.<\/p>\n<p>Mais si la m\u00e9thode CGE\u00a9 permet de traiter avec succ\u00e8s de nombreuses pathologies de l\u2019\u00e9paule, elle permet \u00e9galement d\u2019intervenir pour corriger des dysfonctionnements de l\u2019articulation avant m\u00eame que celle-ci ne devienne douloureuse, et d\u2019\u00e9viter ainsi l\u2019apparition de l\u00e9sions souvent irr\u00e9versibles.<\/p>\n<p>http:\/\/www.tminstitute.fr\/presentation-51.html<\/p>\n<\/div>\n","protected":false},"excerpt":{"rendered":"<p>La M\u00e9thode CGE\u00a9 (Concept Global d\u2019Epaule), a \u00e9t\u00e9 d\u00e9velopp\u00e9e au cours des 25 derni\u00e8res ann\u00e9es par Thierry MARC, aujourd&rsquo;hui Pr\u00e9sident de la SFRE (Soci\u00e9t\u00e9 Fran\u00e7aise de R\u00e9\u00e9ducation de l&rsquo;Epaule). L\u2019efficacit\u00e9 de la M\u00e9thode CGE\u00a9 dans le traitement des diff\u00e9rentes pathologies &hellip; <a href=\"http:\/\/kine-rhisnes.be\/index.php\/specialisations\/cge-concept-global-de-lepaule\/\">Continuer la lecture <span class=\"meta-nav\">&rarr;<\/span><\/a><\/p>\n","protected":false},"author":1,"featured_media":0,"parent":51,"menu_order":0,"comment_status":"closed","ping_status":"closed","template":"","meta":{"footnotes":""},"_links":{"self":[{"href":"http:\/\/kine-rhisnes.be\/index.php\/wp-json\/wp\/v2\/pages\/116"}],"collection":[{"href":"http:\/\/kine-rhisnes.be\/index.php\/wp-json\/wp\/v2\/pages"}],"about":[{"href":"http:\/\/kine-rhisnes.be\/index.php\/wp-json\/wp\/v2\/types\/page"}],"author":[{"embeddable":true,"href":"http:\/\/kine-rhisnes.be\/index.php\/wp-json\/wp\/v2\/users\/1"}],"replies":[{"embeddable":true,"href":"http:\/\/kine-rhisnes.be\/index.php\/wp-json\/wp\/v2\/comments?post=116"}],"version-history":[{"count":3,"href":"http:\/\/kine-rhisnes.be\/index.php\/wp-json\/wp\/v2\/pages\/116\/revisions"}],"predecessor-version":[{"id":232,"href":"http:\/\/kine-rhisnes.be\/index.php\/wp-json\/wp\/v2\/pages\/116\/revisions\/232"}],"up":[{"embeddable":true,"href":"http:\/\/kine-rhisnes.be\/index.php\/wp-json\/wp\/v2\/pages\/51"}],"wp:attachment":[{"href":"http:\/\/kine-rhisnes.be\/index.php\/wp-json\/wp\/v2\/media?parent=116"}],"curies":[{"name":"wp","href":"https:\/\/api.w.org\/{rel}","templated":true}]}}