{"id":119,"date":"2017-05-04T21:03:51","date_gmt":"2017-05-04T19:03:51","guid":{"rendered":"http:\/\/kine-rhisnes.be\/?page_id=119"},"modified":"2024-05-29T11:54:34","modified_gmt":"2024-05-29T09:54:34","slug":"perineologie","status":"publish","type":"page","link":"http:\/\/kine-rhisnes.be\/index.php\/specialisations\/perineologie\/","title":{"rendered":"P\u00e9rin\u00e9ologie"},"content":{"rendered":"<p>Le p\u00e9rin\u00e9e est un ensemble complexe de muscles situ\u00e9s dans le bas du bassin. Le p\u00e9rin\u00e9e assure la miction, la d\u00e9f\u00e9cation et la continence. Il joue un r\u00f4le important lors de l&rsquo;accouchement et de la sexualit\u00e9. Il permet \u00e9galement d&rsquo;assurer le soutien des organes visc\u00e9raux, de par notre position bip\u00e8de.<\/p>\n<p>Lorsque le p\u00e9rin\u00e9e dysfonctionne, il peut \u00eatre la cause de nombreuses pathologies: incontinence urinaire ou anale, constipation, douleurs,&#8230;<\/p>\n<p>Nous prenons en charge aussi bien les femmes que les hommes pour:<\/p>\n<ul>\n<li>la p\u00e9rinatalit\u00e9 (pr\u00e9 comme post-partum)<\/li>\n<li>les suites chirurgicales (prostate, ut\u00e9rus,&#8230;)<\/li>\n<li>les probl\u00e8mes d&rsquo;incontinence urinaires ou f\u00e9cales<\/li>\n<li>les troubles ano-rectaux<\/li>\n<li>les prolapsus (cystoc\u00e8le, rectoc\u00e8le,&#8230;)<\/li>\n<li>les troubles sexologiques<\/li>\n<li>les douleurs p\u00e9rin\u00e9ales<\/li>\n<li>le travail et renforcement de la sangle abdominale<\/li>\n<\/ul>\n","protected":false},"excerpt":{"rendered":"<p>Le p\u00e9rin\u00e9e est un ensemble complexe de muscles situ\u00e9s dans le bas du bassin. Le p\u00e9rin\u00e9e assure la miction, la d\u00e9f\u00e9cation et la continence. Il joue un r\u00f4le important lors de l&rsquo;accouchement et de la sexualit\u00e9. Il permet \u00e9galement d&rsquo;assurer &hellip; <a href=\"http:\/\/kine-rhisnes.be\/index.php\/specialisations\/perineologie\/\">Continuer la lecture <span class=\"meta-nav\">&rarr;<\/span><\/a><\/p>\n","protected":false},"author":1,"featured_media":0,"parent":51,"menu_order":0,"comment_status":"closed","ping_status":"closed","template":"","meta":{"footnotes":""},"_links":{"self":[{"href":"http:\/\/kine-rhisnes.be\/index.php\/wp-json\/wp\/v2\/pages\/119"}],"collection":[{"href":"http:\/\/kine-rhisnes.be\/index.php\/wp-json\/wp\/v2\/pages"}],"about":[{"href":"http:\/\/kine-rhisnes.be\/index.php\/wp-json\/wp\/v2\/types\/page"}],"author":[{"embeddable":true,"href":"http:\/\/kine-rhisnes.be\/index.php\/wp-json\/wp\/v2\/users\/1"}],"replies":[{"embeddable":true,"href":"http:\/\/kine-rhisnes.be\/index.php\/wp-json\/wp\/v2\/comments?post=119"}],"version-history":[{"count":4,"href":"http:\/\/kine-rhisnes.be\/index.php\/wp-json\/wp\/v2\/pages\/119\/revisions"}],"predecessor-version":[{"id":231,"href":"http:\/\/kine-rhisnes.be\/index.php\/wp-json\/wp\/v2\/pages\/119\/revisions\/231"}],"up":[{"embeddable":true,"href":"http:\/\/kine-rhisnes.be\/index.php\/wp-json\/wp\/v2\/pages\/51"}],"wp:attachment":[{"href":"http:\/\/kine-rhisnes.be\/index.php\/wp-json\/wp\/v2\/media?parent=119"}],"curies":[{"name":"wp","href":"https:\/\/api.w.org\/{rel}","templated":true}]}}