{"id":136,"date":"2017-05-04T21:52:09","date_gmt":"2017-05-04T19:52:09","guid":{"rendered":"http:\/\/kine-rhisnes.be\/?page_id=136"},"modified":"2024-05-29T11:48:33","modified_gmt":"2024-05-29T09:48:33","slug":"delphine-kuypers","status":"publish","type":"page","link":"http:\/\/kine-rhisnes.be\/index.php\/collaborateurs\/delphine-kuypers\/","title":{"rendered":"Delphine Kuypers"},"content":{"rendered":"<h1 style=\"text-align: center;\"><\/h1>\n<h1 style=\"text-align: center;\">Licenci\u00e9e en kin\u00e9sith\u00e9rapie et r\u00e9adaptation <em>2003-2007 Universit\u00e9 Catholique de Louvain<\/em><\/h1>\n<h1>Formations suivies:<\/h1>\n<ul>\n<li>Maladie de hirschsprung : <em>2024 GLEK Veronique Abeels<\/em><\/li>\n<li>Pessaires &#8211; les cl\u00e9s pour une prise en charge adapt\u00e9e \u00e0 chaque patiente : <em>2024 savantes<\/em><\/li>\n<li>Prolapsus &#8211; une prise en charge globale pour autonomiser les patientes: <em>2024 savantes<\/em><\/li>\n<li>Epaule du joueur de tennis <em>: 2023 Kin\u00e9 2.0<\/em><\/li>\n<li>Sexologie &#8211; Harmonie et Sant\u00e9 Sexuelle: <em>2023 SFER<\/em><\/li>\n<li>P\u00e9rin\u00e9o masculine: R\u00e9\u00e9ducation pelvienne avant et apr\u00e8s chirurgie prostatique: <em>2023 SFER &#8211; Guy Valancogne\u00a0<\/em><\/li>\n<li>La course au f\u00e9minin: Pubert\u00e9, p\u00e9rinatalit\u00e9, p\u00e9rim\u00e9nopause et sant\u00e9 abdomino-pelvienne: <em>2022 Clinique du coureur<\/em><\/li>\n<li>Peace and Love : prise en charge des blessures aigues: <em>2021 Clinique du coureur<\/em><\/li>\n<li>CGE &#8211; Module 4: \u00e9paule du sportif : <em>2020 TMS Institute<\/em><\/li>\n<li>Ano-rectal &#8211; Actualisation et perfectionnement en r\u00e9\u00e9ducation ano-rectale: <em>2020 SFER &#8211; Guy Valancogne<\/em><\/li>\n<li>Perfectionnement en r\u00e9\u00e9ducation pelvi-p\u00e9rin\u00e9ale sp\u00e9cifique \u00e0 la p\u00e9diatrie:<em> 2020 SFER &#8211; Guy Valancogne<\/em><\/li>\n<li>CGE module 3 -de l&rsquo;\u00e9paule au rachis cervical : la travers\u00e9e thoraco-brachiale:<em> 2020 TMS Institute<\/em><\/li>\n<li>R\u00e9\u00e9ducation abdomino-p\u00e9rin\u00e9o-diahragmatique selon la m\u00e9thode guillarme:<em> 2019 SFER<\/em><\/li>\n<li>CGE Module 2 : <span data-v-21865d16=\"\">Epaule post-op\u00e9ratoire et d\u00e9g\u00e9n\u00e9rative<\/span> :<em> 2018 TMS Institute<\/em><\/li>\n<li><span data-v-21865d16=\"\">Le sport, la femme et le p\u00e9rin\u00e9e<\/span> :<em> 2018 Institut Sup\u00e9rieur Parnasse<\/em><\/li>\n<li><span data-v-21865d16=\"\">Th\u00e9rapie manuelle en pelvi-p\u00e9rin\u00e9ologie: <em>2017 SFER<\/em><br \/>\n<\/span><\/li>\n<li><span data-v-21865d16=\"\">Int\u00e9gration manom\u00e9trie et pelvim\u00e8tre dans la r\u00e9\u00e9ducation du p\u00e9rin\u00e9e : <em>2017 kine-form<\/em><\/span><\/li>\n<li>R\u00e9\u00e9ducation de la main:<em> 2016 Universit\u00e9 Catholique de Louvain<\/em><\/li>\n<li>CGE Concept global de l\u2019\u00e9paule \u2013 module 1 \u00e9paule douloureuse: <em>2016 TMS Institute<\/em><\/li>\n<li>P\u00e9rin\u00e9ologie: <em>2012-2014 Soci\u00e9t\u00e9 scientifique de formation en r\u00e9\u00e9ducation<\/em><\/li>\n<li>Drainage lymphatique et cancer du sein : <em>2011 B\u00e9n\u00e9dicte Dor<\/em><\/li>\n<li>Th\u00e9rapie manuelle et sportive \u2013 ost\u00e9o\u00e9thiopathie: <em>2009\u20132011 Acad\u00e9mie de th\u00e9rapie manuelle et sportive<\/em><\/li>\n<li>Bien \u00eatre autour de la naissance <em>: 2010 Ateliers de la kin\u00e9sith\u00e9rapie<\/em><\/li>\n<li>Kin\u00e9 du sport :<em> 2008\u20132009 Institut Sup\u00e9rieur Parnasse Deux Alice<\/em><\/li>\n<\/ul>\n","protected":false},"excerpt":{"rendered":"<p>Licenci\u00e9e en kin\u00e9sith\u00e9rapie et r\u00e9adaptation 2003-2007 Universit\u00e9 Catholique de Louvain Formations suivies: Maladie de hirschsprung : 2024 GLEK Veronique Abeels Pessaires &#8211; les cl\u00e9s pour une prise en charge adapt\u00e9e \u00e0 chaque patiente : 2024 savantes Prolapsus &#8211; une prise &hellip; <a href=\"http:\/\/kine-rhisnes.be\/index.php\/collaborateurs\/delphine-kuypers\/\">Continuer la lecture <span class=\"meta-nav\">&rarr;<\/span><\/a><\/p>\n","protected":false},"author":1,"featured_media":0,"parent":57,"menu_order":0,"comment_status":"closed","ping_status":"closed","template":"","meta":{"footnotes":""},"_links":{"self":[{"href":"http:\/\/kine-rhisnes.be\/index.php\/wp-json\/wp\/v2\/pages\/136"}],"collection":[{"href":"http:\/\/kine-rhisnes.be\/index.php\/wp-json\/wp\/v2\/pages"}],"about":[{"href":"http:\/\/kine-rhisnes.be\/index.php\/wp-json\/wp\/v2\/types\/page"}],"author":[{"embeddable":true,"href":"http:\/\/kine-rhisnes.be\/index.php\/wp-json\/wp\/v2\/users\/1"}],"replies":[{"embeddable":true,"href":"http:\/\/kine-rhisnes.be\/index.php\/wp-json\/wp\/v2\/comments?post=136"}],"version-history":[{"count":10,"href":"http:\/\/kine-rhisnes.be\/index.php\/wp-json\/wp\/v2\/pages\/136\/revisions"}],"predecessor-version":[{"id":230,"href":"http:\/\/kine-rhisnes.be\/index.php\/wp-json\/wp\/v2\/pages\/136\/revisions\/230"}],"up":[{"embeddable":true,"href":"http:\/\/kine-rhisnes.be\/index.php\/wp-json\/wp\/v2\/pages\/57"}],"wp:attachment":[{"href":"http:\/\/kine-rhisnes.be\/index.php\/wp-json\/wp\/v2\/media?parent=136"}],"curies":[{"name":"wp","href":"https:\/\/api.w.org\/{rel}","templated":true}]}}