{"id":154,"date":"2017-05-04T22:19:19","date_gmt":"2017-05-04T20:19:19","guid":{"rendered":"http:\/\/kine-rhisnes.be\/?page_id=154"},"modified":"2024-05-29T11:57:24","modified_gmt":"2024-05-29T09:57:24","slug":"drainage-lymphatique","status":"publish","type":"page","link":"http:\/\/kine-rhisnes.be\/index.php\/specialisations\/drainage-lymphatique\/","title":{"rendered":"Drainage lymphatique et cancer du sein"},"content":{"rendered":"<p>Une femme sur huit est atteinte du cancer du sein. Le kin\u00e9sith\u00e9rapeute peut \u00eatre un relais de choix dans l&rsquo;\u00e9quipe pluridisciplinaire pour accompagner les patientes avant, pendant et apr\u00e8s les soins m\u00e9dicaux.<\/p>\n<p>Le r\u00f4le du kin\u00e9sith\u00e9rapeute est d&rsquo;accompagner le patient par des mobilisations, des massages, de la relaxation, des th\u00e9rapies multiples de l&rsquo;\u00e9paule, du creux axillaire, des cicatrices, des fibroses, des cordes r\u00e9tractiles, par le drainage lymphatique des oed\u00e8mes du sein, du thorax, du bras et par des conseils pratiques par rapport aux diff\u00e9rents stades du traitement m\u00e9dical.<\/p>\n","protected":false},"excerpt":{"rendered":"<p>Une femme sur huit est atteinte du cancer du sein. Le kin\u00e9sith\u00e9rapeute peut \u00eatre un relais de choix dans l&rsquo;\u00e9quipe pluridisciplinaire pour accompagner les patientes avant, pendant et apr\u00e8s les soins m\u00e9dicaux. Le r\u00f4le du kin\u00e9sith\u00e9rapeute est d&rsquo;accompagner le patient &hellip; <a href=\"http:\/\/kine-rhisnes.be\/index.php\/specialisations\/drainage-lymphatique\/\">Continuer la lecture <span class=\"meta-nav\">&rarr;<\/span><\/a><\/p>\n","protected":false},"author":1,"featured_media":0,"parent":51,"menu_order":0,"comment_status":"closed","ping_status":"closed","template":"","meta":{"footnotes":""},"_links":{"self":[{"href":"http:\/\/kine-rhisnes.be\/index.php\/wp-json\/wp\/v2\/pages\/154"}],"collection":[{"href":"http:\/\/kine-rhisnes.be\/index.php\/wp-json\/wp\/v2\/pages"}],"about":[{"href":"http:\/\/kine-rhisnes.be\/index.php\/wp-json\/wp\/v2\/types\/page"}],"author":[{"embeddable":true,"href":"http:\/\/kine-rhisnes.be\/index.php\/wp-json\/wp\/v2\/users\/1"}],"replies":[{"embeddable":true,"href":"http:\/\/kine-rhisnes.be\/index.php\/wp-json\/wp\/v2\/comments?post=154"}],"version-history":[{"count":3,"href":"http:\/\/kine-rhisnes.be\/index.php\/wp-json\/wp\/v2\/pages\/154\/revisions"}],"predecessor-version":[{"id":233,"href":"http:\/\/kine-rhisnes.be\/index.php\/wp-json\/wp\/v2\/pages\/154\/revisions\/233"}],"up":[{"embeddable":true,"href":"http:\/\/kine-rhisnes.be\/index.php\/wp-json\/wp\/v2\/pages\/51"}],"wp:attachment":[{"href":"http:\/\/kine-rhisnes.be\/index.php\/wp-json\/wp\/v2\/media?parent=154"}],"curies":[{"name":"wp","href":"https:\/\/api.w.org\/{rel}","templated":true}]}}