{"id":51,"date":"2017-04-27T20:51:38","date_gmt":"2017-04-27T18:51:38","guid":{"rendered":"http:\/\/kine-rhisnes.be\/?page_id=51"},"modified":"2022-09-16T15:15:14","modified_gmt":"2022-09-16T13:15:14","slug":"specialisations","status":"publish","type":"page","link":"http:\/\/kine-rhisnes.be\/index.php\/specialisations\/","title":{"rendered":"Sp\u00e9cialisations"},"content":{"rendered":"<p>La kin\u00e9sith\u00e9rapie a de nombreux champs d&rsquo;applications dans des domaines tr\u00e8s vari\u00e9s allant de la r\u00e9\u00e9ducation apr\u00e8s op\u00e9ration, la r\u00e9education du p\u00e9rin\u00e9, la kin\u00e9sith\u00e9rapie respiratoire,&#8230; Ci-dessous vous trouverez les diff\u00e9rentes sp\u00e9cialisations pour lesquelles nous avons d\u00e9cid\u00e9 de nous sp\u00e9cialiser.<\/p>\n<p><strong>Orthop\u00e9die<\/strong><\/p>\n<p>-kin\u00e9 du sport<\/p>\n<p>-R\u00e9\u00e9ducation Posturale Globale<\/p>\n<p>-CGE (concept global de l&rsquo;\u00e9paule)<\/p>\n<p>-r\u00e9\u00e9ducation de la main<\/p>\n<p><a href=\"http:\/\/kine-rhisnes.be\/index.php\/specialisations\/therapie-manuelle\/\">-th\u00e9rapie manuelle<\/a><\/p>\n<p><strong>P\u00e9rin\u00e9ologie<\/strong><\/p>\n<p>-suivi pr\u00e9-post-natal<\/p>\n<p>-r\u00e9\u00e9ducaton p\u00e9rin\u00e9ale<\/p>\n<p><strong>drainage lymphatique<\/strong> et cancer du sein<\/p>\n<p><strong>kin\u00e9 repiratoire\u00a0<\/strong>p\u00e9diatrique et adulte<\/p>\n","protected":false},"excerpt":{"rendered":"<p>La kin\u00e9sith\u00e9rapie a de nombreux champs d&rsquo;applications dans des domaines tr\u00e8s vari\u00e9s allant de la r\u00e9\u00e9ducation apr\u00e8s op\u00e9ration, la r\u00e9education du p\u00e9rin\u00e9, la kin\u00e9sith\u00e9rapie respiratoire,&#8230; Ci-dessous vous trouverez les diff\u00e9rentes sp\u00e9cialisations pour lesquelles nous avons d\u00e9cid\u00e9 de nous sp\u00e9cialiser. Orthop\u00e9die &hellip; <a href=\"http:\/\/kine-rhisnes.be\/index.php\/specialisations\/\">Continuer la lecture <span class=\"meta-nav\">&rarr;<\/span><\/a><\/p>\n","protected":false},"author":1,"featured_media":0,"parent":0,"menu_order":1,"comment_status":"closed","ping_status":"closed","template":"","meta":{"footnotes":""},"_links":{"self":[{"href":"http:\/\/kine-rhisnes.be\/index.php\/wp-json\/wp\/v2\/pages\/51"}],"collection":[{"href":"http:\/\/kine-rhisnes.be\/index.php\/wp-json\/wp\/v2\/pages"}],"about":[{"href":"http:\/\/kine-rhisnes.be\/index.php\/wp-json\/wp\/v2\/types\/page"}],"author":[{"embeddable":true,"href":"http:\/\/kine-rhisnes.be\/index.php\/wp-json\/wp\/v2\/users\/1"}],"replies":[{"embeddable":true,"href":"http:\/\/kine-rhisnes.be\/index.php\/wp-json\/wp\/v2\/comments?post=51"}],"version-history":[{"count":10,"href":"http:\/\/kine-rhisnes.be\/index.php\/wp-json\/wp\/v2\/pages\/51\/revisions"}],"predecessor-version":[{"id":216,"href":"http:\/\/kine-rhisnes.be\/index.php\/wp-json\/wp\/v2\/pages\/51\/revisions\/216"}],"wp:attachment":[{"href":"http:\/\/kine-rhisnes.be\/index.php\/wp-json\/wp\/v2\/media?parent=51"}],"curies":[{"name":"wp","href":"https:\/\/api.w.org\/{rel}","templated":true}]}}