{"id":54,"date":"2017-04-27T21:07:20","date_gmt":"2017-04-27T19:07:20","guid":{"rendered":"http:\/\/kine-rhisnes.be\/?page_id=54"},"modified":"2024-05-29T11:59:52","modified_gmt":"2024-05-29T09:59:52","slug":"informations-pratiques","status":"publish","type":"page","link":"http:\/\/kine-rhisnes.be\/index.php\/informations-pratiques\/","title":{"rendered":"Informations pratiques"},"content":{"rendered":"<h2>Horaires:<\/h2>\n<p>Du lundi au vendredi de 8h \u00e0 19h.<br \/>\nLe WE uniquement si nous ou le m\u00e9decin jugeons que votre \u00e9tat le n\u00e9cessite.<\/p>\n<h2>Tarifs:<\/h2>\n<p>\u00c9tant conventionn\u00e9es, nous respectons les tarifs impos\u00e9s par l&rsquo;INAMI. https:\/\/www.inami.fgov.be\/fr\/professionnels\/professionnels-de-la-sante\/kinesitherapeutes<\/p>\n<p>Nous sommes \u00e9galement agr\u00e9\u00e9s pour soigner les ayant droit de la D\u00e9fense.<\/p>\n<h2>Au cabinet :<\/h2>\n<p>Rue derri\u00e8re les monts, 41<br \/>\n5080 Rhisnes<br \/>\n<iframe loading=\"lazy\" style=\"border: 0;\" src=\"https:\/\/www.google.com\/maps\/embed?pb=!1m18!1m12!1m3!1d2537.4285564723777!2d4.802442115192891!3d50.50759239112767!2m3!1f0!2f0!3f0!3m2!1i1024!2i768!4f13.1!3m3!1m2!1s0x47c19c7d314f6001%3A0x523e2f28aa9be4ff!2sRue+Derri%C3%A8re+les+Monts+41%2C+5080+La+Bruy%C3%A8re!5e0!3m2!1sfr!2sbe!4v1493321097185\" width=\"600\" height=\"250\" frameborder=\"0\" allowfullscreen=\"allowfullscreen\"><\/iframe><br \/>\nLe parking se fait juste devant la porte d&rsquo;entr\u00e9e du cabinet.<\/p>\n<h2>A domicile:<\/h2>\n<p>Si vous \u00eates dans l&rsquo;incapacit\u00e9 de vous d\u00e9placer nous venons \u00e0 votre domicile pour vos soins de kin\u00e9sith\u00e9rapie.<\/p>\n<h2>A apporter pour votre premi\u00e8re s\u00e9ance:<\/h2>\n<p>-Carte d&rsquo;identit\u00e9 (pour vous encoder dans l&rsquo;ordinateur)<br \/>\n-Vignette de mutuelle<br \/>\n-Prescription du m\u00e9decin (l&rsquo;original et pas une copie)<br \/>\n-Un grand essuie pour mettre sur la table<\/p>\n","protected":false},"excerpt":{"rendered":"<p>Horaires: Du lundi au vendredi de 8h \u00e0 19h. Le WE uniquement si nous ou le m\u00e9decin jugeons que votre \u00e9tat le n\u00e9cessite. Tarifs: \u00c9tant conventionn\u00e9es, nous respectons les tarifs impos\u00e9s par l&rsquo;INAMI. https:\/\/www.inami.fgov.be\/fr\/professionnels\/professionnels-de-la-sante\/kinesitherapeutes Nous sommes \u00e9galement agr\u00e9\u00e9s pour soigner &hellip; <a href=\"http:\/\/kine-rhisnes.be\/index.php\/informations-pratiques\/\">Continuer la lecture <span class=\"meta-nav\">&rarr;<\/span><\/a><\/p>\n","protected":false},"author":1,"featured_media":0,"parent":0,"menu_order":2,"comment_status":"closed","ping_status":"closed","template":"","meta":{"footnotes":""},"_links":{"self":[{"href":"http:\/\/kine-rhisnes.be\/index.php\/wp-json\/wp\/v2\/pages\/54"}],"collection":[{"href":"http:\/\/kine-rhisnes.be\/index.php\/wp-json\/wp\/v2\/pages"}],"about":[{"href":"http:\/\/kine-rhisnes.be\/index.php\/wp-json\/wp\/v2\/types\/page"}],"author":[{"embeddable":true,"href":"http:\/\/kine-rhisnes.be\/index.php\/wp-json\/wp\/v2\/users\/1"}],"replies":[{"embeddable":true,"href":"http:\/\/kine-rhisnes.be\/index.php\/wp-json\/wp\/v2\/comments?post=54"}],"version-history":[{"count":16,"href":"http:\/\/kine-rhisnes.be\/index.php\/wp-json\/wp\/v2\/pages\/54\/revisions"}],"predecessor-version":[{"id":235,"href":"http:\/\/kine-rhisnes.be\/index.php\/wp-json\/wp\/v2\/pages\/54\/revisions\/235"}],"wp:attachment":[{"href":"http:\/\/kine-rhisnes.be\/index.php\/wp-json\/wp\/v2\/media?parent=54"}],"curies":[{"name":"wp","href":"https:\/\/api.w.org\/{rel}","templated":true}]}}