{"id":57,"date":"2017-04-27T21:12:05","date_gmt":"2017-04-27T19:12:05","guid":{"rendered":"http:\/\/kine-rhisnes.be\/?page_id=57"},"modified":"2023-12-07T19:47:33","modified_gmt":"2023-12-07T18:47:33","slug":"collaborateurs","status":"publish","type":"page","link":"http:\/\/kine-rhisnes.be\/index.php\/collaborateurs\/","title":{"rendered":"Collaborateurs"},"content":{"rendered":"<p style=\"text-align: center;\">Nous partageons le cabinet \u00e0 deux, afin de vous proposer une grande disponibilit\u00e9 horaire et des remplacements pendant nos cong\u00e9s.<\/p>\n<p style=\"text-align: center;\">Pour tout renseignements ou prise de rendez-vous n&rsquo;h\u00e9sitez pas \u00e0 nous contacter:<\/p>\n<ul>\n<li>Delphine Kuypers &#8211;&gt;GSM: 0494\/58.80.40<\/li>\n<li>Pauline Hamblenne &#8211;&gt;GSM:0479\/39.30.82<\/li>\n<\/ul>\n","protected":false},"excerpt":{"rendered":"<p>Nous partageons le cabinet \u00e0 deux, afin de vous proposer une grande disponibilit\u00e9 horaire et des remplacements pendant nos cong\u00e9s. Pour tout renseignements ou prise de rendez-vous n&rsquo;h\u00e9sitez pas \u00e0 nous contacter: Delphine Kuypers &#8211;&gt;GSM: 0494\/58.80.40 Pauline Hamblenne &#8211;&gt;GSM:0479\/39.30.82<\/p>\n","protected":false},"author":1,"featured_media":0,"parent":0,"menu_order":4,"comment_status":"closed","ping_status":"closed","template":"","meta":{"footnotes":""},"_links":{"self":[{"href":"http:\/\/kine-rhisnes.be\/index.php\/wp-json\/wp\/v2\/pages\/57"}],"collection":[{"href":"http:\/\/kine-rhisnes.be\/index.php\/wp-json\/wp\/v2\/pages"}],"about":[{"href":"http:\/\/kine-rhisnes.be\/index.php\/wp-json\/wp\/v2\/types\/page"}],"author":[{"embeddable":true,"href":"http:\/\/kine-rhisnes.be\/index.php\/wp-json\/wp\/v2\/users\/1"}],"replies":[{"embeddable":true,"href":"http:\/\/kine-rhisnes.be\/index.php\/wp-json\/wp\/v2\/comments?post=57"}],"version-history":[{"count":15,"href":"http:\/\/kine-rhisnes.be\/index.php\/wp-json\/wp\/v2\/pages\/57\/revisions"}],"predecessor-version":[{"id":218,"href":"http:\/\/kine-rhisnes.be\/index.php\/wp-json\/wp\/v2\/pages\/57\/revisions\/218"}],"wp:attachment":[{"href":"http:\/\/kine-rhisnes.be\/index.php\/wp-json\/wp\/v2\/media?parent=57"}],"curies":[{"name":"wp","href":"https:\/\/api.w.org\/{rel}","templated":true}]}}