{"id":87,"date":"2017-04-28T12:28:04","date_gmt":"2017-04-28T10:28:04","guid":{"rendered":"http:\/\/kine-rhisnes.be\/?page_id=87"},"modified":"2017-04-28T12:29:18","modified_gmt":"2017-04-28T10:29:18","slug":"therapie-manuelle","status":"publish","type":"page","link":"http:\/\/kine-rhisnes.be\/index.php\/specialisations\/therapie-manuelle\/","title":{"rendered":"Th\u00e9rapie manuelle"},"content":{"rendered":"<p><strong>LE CONCEPT OSTEO-ETIOPATHIQUE D \u0153<\/strong><\/p>\n<ol>\n<li>Une philosophie de travail qui consiste \u00e0 :<\/li>\n<\/ol>\n<ul>\n<li>\u00a0Comprendre la douleur du patient.<\/li>\n<li>\u00a0Analyser ses diff\u00e9rents param\u00e8tres.<\/li>\n<li>\u00a0Trouver l\u00b4origine des sympt\u00f4mes \u00e0 travers les \u00a0diff\u00e9rentes structures du corps c&rsquo;est \u00e0 dire: pari\u00e9tale \u2013 visc\u00e9rale \u2013 cr\u00e2niosacrale.<\/li>\n<\/ul>\n<ol start=\"2\">\n<li>Th\u00e9rapie causale qui propose un programme \u00a0pr\u00e9voyant une plage de techniques aussi diff\u00e9rentes que compl\u00e9mentaires \u00a0permettant au praticien de s\u00b4adapter \u00e0 la cause et \u00a0au besoin individuel du patient selon le principe des m\u00e9decines \u00a0douces c&rsquo;est \u00e0 dire traiter les sympt\u00f4mes douloureux \u00e0 travers un \u00a0travail global de la cha\u00eene l\u00e9sionnelle montante ou descendante.<\/li>\n<\/ol>\n<p>Ceci n\u00b4est possible qu\u00b4en associant des techniques \u00a0dont l\u00b4efficacit\u00e9 est scientifiquement d\u00e9montr\u00e9e telles que:<\/p>\n<ul>\n<li>\u00a0Ost\u00e9o \u00e9tiopathie<\/li>\n<li>\u00a0M\u00e9thode Cyriax<\/li>\n<li>\u00a0Kin\u00e9siologie posturale<\/li>\n<li>\u00a0Crochetage myofascial<\/li>\n<li>\u00a0Posturologie<\/li>\n<\/ul>\n<p>avec int\u00e9gration de notions de cha\u00eenes musculaires et \u00a0de techniques chiropratiques am\u00e9ricaines.<\/p>\n","protected":false},"excerpt":{"rendered":"<p>LE CONCEPT OSTEO-ETIOPATHIQUE D \u0153 Une philosophie de travail qui consiste \u00e0 : \u00a0Comprendre la douleur du patient. \u00a0Analyser ses diff\u00e9rents param\u00e8tres. \u00a0Trouver l\u00b4origine des sympt\u00f4mes \u00e0 travers les \u00a0diff\u00e9rentes structures du corps c&rsquo;est \u00e0 dire: pari\u00e9tale \u2013 visc\u00e9rale \u2013 &hellip; <a href=\"http:\/\/kine-rhisnes.be\/index.php\/specialisations\/therapie-manuelle\/\">Continuer la lecture <span class=\"meta-nav\">&rarr;<\/span><\/a><\/p>\n","protected":false},"author":1,"featured_media":0,"parent":51,"menu_order":0,"comment_status":"closed","ping_status":"closed","template":"","meta":{"footnotes":""},"_links":{"self":[{"href":"http:\/\/kine-rhisnes.be\/index.php\/wp-json\/wp\/v2\/pages\/87"}],"collection":[{"href":"http:\/\/kine-rhisnes.be\/index.php\/wp-json\/wp\/v2\/pages"}],"about":[{"href":"http:\/\/kine-rhisnes.be\/index.php\/wp-json\/wp\/v2\/types\/page"}],"author":[{"embeddable":true,"href":"http:\/\/kine-rhisnes.be\/index.php\/wp-json\/wp\/v2\/users\/1"}],"replies":[{"embeddable":true,"href":"http:\/\/kine-rhisnes.be\/index.php\/wp-json\/wp\/v2\/comments?post=87"}],"version-history":[{"count":1,"href":"http:\/\/kine-rhisnes.be\/index.php\/wp-json\/wp\/v2\/pages\/87\/revisions"}],"predecessor-version":[{"id":89,"href":"http:\/\/kine-rhisnes.be\/index.php\/wp-json\/wp\/v2\/pages\/87\/revisions\/89"}],"up":[{"embeddable":true,"href":"http:\/\/kine-rhisnes.be\/index.php\/wp-json\/wp\/v2\/pages\/51"}],"wp:attachment":[{"href":"http:\/\/kine-rhisnes.be\/index.php\/wp-json\/wp\/v2\/media?parent=87"}],"curies":[{"name":"wp","href":"https:\/\/api.w.org\/{rel}","templated":true}]}}